{"id":243,"date":"2019-04-08T03:08:21","date_gmt":"2019-04-08T03:08:21","guid":{"rendered":"http:\/\/frederictonpride.com\/?page_id=243"},"modified":"2026-04-13T16:58:24","modified_gmt":"2026-04-13T20:58:24","slug":"the-festival","status":"publish","type":"page","link":"https:\/\/frederictonpride.com\/fr\/the-festival\/","title":{"rendered":"Le festival"},"content":{"rendered":"<p><div class=\"fusion-fullwidth fullwidth-box fusion-builder-row-1 fusion-flex-container hundred-percent-fullwidth non-hundred-percent-height-scrolling\" style=\"--awb-border-radius-top-left:0px;--awb-border-radius-top-right:0px;--awb-border-radius-bottom-right:0px;--awb-border-radius-bottom-left:0px;--awb-padding-top:20px;--awb-padding-right:20px;--awb-padding-bottom:0px;--awb-padding-left:20px;--awb-margin-top:0px;--awb-margin-bottom:0px;--awb-background-color:#100f1a;--awb-flex-wrap:wrap;\" ><div class=\"fusion-builder-row fusion-row fusion-flex-align-items-flex-start fusion-flex-content-wrap\" style=\"width:104% !important;max-width:104% !important;margin-left: calc(-4% \/ 2 );margin-right: calc(-4% \/ 2 );\"><div class=\"fusion-layout-column fusion_builder_column fusion-builder-column-0 fusion_builder_column_1_1 1_1 fusion-flex-column\" style=\"--awb-padding-bottom:0px;--awb-bg-size:cover;--awb-width-large:100%;--awb-margin-top-large:0px;--awb-spacing-right-large:1.92%;--awb-margin-bottom-large:0px;--awb-spacing-left-large:1.92%;--awb-width-medium:100%;--awb-order-medium:0;--awb-spacing-right-medium:1.92%;--awb-spacing-left-medium:1.92%;--awb-width-small:100%;--awb-order-small:0;--awb-spacing-right-small:1.92%;--awb-spacing-left-small:1.92%;\"><div class=\"fusion-column-wrapper fusion-column-has-shadow fusion-flex-justify-content-flex-start fusion-content-layout-column\"><div class=\"fusion-text fusion-text-1\" style=\"--awb-line-height:30px;\"><p style=\"text-align: right; color: #e7e4f1; font-family: 'Roboto Condensed'; font-weight: 300; font-size: 37px; line-height: 37px; letter-spacing: normal;\" data-fusion-font=\"true\" data-fusion-google-font=\"Roboto Condensed\" data-fusion-google-variant=\"300\">2026 PRIDE FESTIVAL | JULY 11 -20<\/p>\n<\/div><\/div><\/div><\/div><\/div><div class=\"fusion-fullwidth fullwidth-box fusion-builder-row-2 fusion-flex-container hundred-percent-fullwidth non-hundred-percent-height-scrolling\" style=\"--link_hover_color: #f9a4c1;--link_color: #f9a4c1;--awb-border-radius-top-left:0px;--awb-border-radius-top-right:0px;--awb-border-radius-bottom-right:0px;--awb-border-radius-bottom-left:0px;--awb-padding-top:0px;--awb-padding-right:20px;--awb-padding-bottom:21.98828px;--awb-padding-left:20px;--awb-margin-top:0px;--awb-margin-bottom:0px;--awb-background-color:#ffffff;--awb-flex-wrap:wrap;\" ><div class=\"fusion-builder-row fusion-row fusion-flex-align-items-flex-start fusion-flex-content-wrap\" style=\"width:104% !important;max-width:104% !important;margin-left: calc(-4% \/ 2 );margin-right: calc(-4% \/ 2 );\"><div class=\"fusion-layout-column fusion_builder_column fusion-builder-column-1 fusion_builder_column_1_1 1_1 fusion-flex-column\" style=\"--awb-bg-color:#6e5e9b;--awb-bg-color-hover:#6e5e9b;--awb-bg-size:cover;--awb-width-large:100%;--awb-margin-top-large:60px;--awb-spacing-right-large:0.192%;--awb-margin-bottom-large:0px;--awb-spacing-left-large:0.48%;--awb-width-medium:100%;--awb-order-medium:0;--awb-spacing-right-medium:0.192%;--awb-spacing-left-medium:0.48%;--awb-width-small:100%;--awb-order-small:0;--awb-spacing-right-small:1.92%;--awb-spacing-left-small:1.92%;\"><div class=\"fusion-column-wrapper fusion-column-has-shadow fusion-flex-justify-content-flex-start fusion-content-layout-column\"><div class=\"fusion-text fusion-text-2\"><h1 style=\"text-align: center;\"><strong>PRIDE 2026<\/strong><\/h1>\n<\/div><\/div><\/div><div class=\"fusion-layout-column fusion_builder_column fusion-builder-column-2 fusion_builder_column_1_1 1_1 fusion-flex-column\" style=\"--awb-padding-top:55px;--awb-padding-bottom:51px;--awb-bg-color:#ffffff;--awb-bg-color-hover:#ffffff;--awb-bg-size:cover;--awb-width-large:100%;--awb-margin-top-large:0px;--awb-spacing-right-large:0.192%;--awb-margin-bottom-large:0px;--awb-spacing-left-large:0.48%;--awb-width-medium:100%;--awb-order-medium:0;--awb-spacing-right-medium:0.192%;--awb-spacing-left-medium:0.48%;--awb-width-small:100%;--awb-order-small:0;--awb-spacing-right-small:1.92%;--awb-spacing-left-small:1.92%;\"><div class=\"fusion-column-wrapper fusion-column-has-shadow fusion-flex-justify-content-flex-start fusion-content-layout-column\"><div class=\"fusion-title title fusion-title-1 fusion-sep-none fusion-title-center fusion-title-text fusion-title-size-three\" style=\"--awb-text-color:#6e5e9b;\"><h3 class=\"fusion-title-heading title-heading-center\" style=\"font-family:&quot;Roboto Condensed&quot;;font-style:italic;font-weight:400;margin:0;\">For the 2026 full schedule go to our EVENTS CALENDAR<\/p>\n<div>\nCheck out Fiert\u00e9 Fredericton Pride&#8217;s Facebook Page for Announcements and Official News here:<br \/>\n<span style=\"color: rgb(0, 0, 0);\"><a href=\"https:\/\/www.facebook.com\/frederictonpride\" target=\"_blank\" rel=\"noopener noreferrer\" style=\"color: rgb(0, 0, 0);\">https:\/\/www.facebook.com\/frederictonpride<\/a><\/span><\/p>\n<div>\n<div>\n<div><\/div>\n<\/div>\n<\/div>\n<\/div><\/h3><\/div><\/div><\/div><\/div><\/div><div class=\"fusion-fullwidth fullwidth-box fusion-builder-row-3 fusion-flex-container hundred-percent-fullwidth non-hundred-percent-height-scrolling\" style=\"--awb-border-radius-top-left:0px;--awb-border-radius-top-right:0px;--awb-border-radius-bottom-right:0px;--awb-border-radius-bottom-left:0px;--awb-padding-top:12px;--awb-padding-right:20px;--awb-padding-bottom:20px;--awb-padding-left:20px;--awb-margin-top:0px;--awb-margin-bottom:0px;--awb-background-color:#000000;--awb-flex-wrap:wrap;\" ><div class=\"fusion-builder-row fusion-row fusion-flex-align-items-flex-start fusion-flex-content-wrap\" style=\"width:104% !important;max-width:104% !important;margin-left: calc(-4% \/ 2 );margin-right: calc(-4% \/ 2 );\"><\/div><\/div><\/p>","protected":false},"excerpt":{"rendered":"","protected":false},"author":1,"featured_media":0,"parent":0,"menu_order":0,"comment_status":"closed","ping_status":"closed","template":"100-width.php","meta":{"ngg_post_thumbnail":0,"footnotes":""},"class_list":["post-243","page","type-page","status-publish","hentry"],"yoast_head":"<!-- This site is optimized with the Yoast SEO plugin v27.4 - https:\/\/yoast.com\/product\/yoast-seo-wordpress\/ -->\n<title>The Festival - FIERT\u00c9 FREDERICTON PRIDE<\/title>\n<meta name=\"description\" content=\"FIERT\u00c9 FREDERICTON PRIDE\" class=\"yoast-seo-meta-tag\" \/>\n<meta name=\"robots\" content=\"index, follow, max-snippet:-1, max-image-preview:large, max-video-preview:-1\" \/>\n<link rel=\"canonical\" href=\"https:\/\/frederictonpride.com\/fr\/the-festival\/\" class=\"yoast-seo-meta-tag\" \/>\n<meta property=\"og:locale\" content=\"fr_CA\" class=\"yoast-seo-meta-tag\" \/>\n<meta property=\"og:type\" content=\"article\" class=\"yoast-seo-meta-tag\" \/>\n<meta property=\"og:title\" content=\"The Festival - FIERT\u00c9 FREDERICTON PRIDE\" class=\"yoast-seo-meta-tag\" \/>\n<meta property=\"og:description\" content=\"FIERT\u00c9 FREDERICTON PRIDE\" class=\"yoast-seo-meta-tag\" \/>\n<meta property=\"og:url\" content=\"https:\/\/frederictonpride.com\/fr\/the-festival\/\" class=\"yoast-seo-meta-tag\" \/>\n<meta property=\"og:site_name\" content=\"FIERT\u00c9 FREDERICTON PRIDE\" class=\"yoast-seo-meta-tag\" \/>\n<meta property=\"article:publisher\" content=\"https:\/\/www.facebook.com\/frederictonpride\/\" class=\"yoast-seo-meta-tag\" \/>\n<meta property=\"article:modified_time\" content=\"2026-04-13T20:58:24+00:00\" class=\"yoast-seo-meta-tag\" \/>\n<meta name=\"twitter:card\" content=\"summary_large_image\" class=\"yoast-seo-meta-tag\" \/>\n<meta name=\"twitter:label1\" content=\"Estimation du temps de lecture\" class=\"yoast-seo-meta-tag\" \/>\n\t<meta name=\"twitter:data1\" content=\"4 minutes\" class=\"yoast-seo-meta-tag\" \/>\n<script type=\"application\/ld+json\" class=\"yoast-schema-graph\">{\"@context\":\"https:\\\/\\\/schema.org\",\"@graph\":[{\"@type\":\"WebPage\",\"@id\":\"https:\\\/\\\/frederictonpride.com\\\/the-festival\\\/\",\"url\":\"https:\\\/\\\/frederictonpride.com\\\/the-festival\\\/\",\"name\":\"The Festival - FIERT\u00c9 FREDERICTON PRIDE\",\"isPartOf\":{\"@id\":\"https:\\\/\\\/frederictonpride.com\\\/#website\"},\"datePublished\":\"2019-04-08T03:08:21+00:00\",\"dateModified\":\"2026-04-13T20:58:24+00:00\",\"description\":\"FIERT\u00c9 FREDERICTON PRIDE\",\"breadcrumb\":{\"@id\":\"https:\\\/\\\/frederictonpride.com\\\/the-festival\\\/#breadcrumb\"},\"inLanguage\":\"fr-CA\",\"potentialAction\":[{\"@type\":\"ReadAction\",\"target\":[\"https:\\\/\\\/frederictonpride.com\\\/the-festival\\\/\"]}]},{\"@type\":\"BreadcrumbList\",\"@id\":\"https:\\\/\\\/frederictonpride.com\\\/the-festival\\\/#breadcrumb\",\"itemListElement\":[{\"@type\":\"ListItem\",\"position\":1,\"name\":\"Home\",\"item\":\"https:\\\/\\\/frederictonpride.com\\\/\"},{\"@type\":\"ListItem\",\"position\":2,\"name\":\"The Festival\"}]},{\"@type\":\"WebSite\",\"@id\":\"https:\\\/\\\/frederictonpride.com\\\/#website\",\"url\":\"https:\\\/\\\/frederictonpride.com\\\/\",\"name\":\"FIERT\u00c9 FREDERICTON PRIDE\",\"description\":\"\",\"potentialAction\":[{\"@type\":\"SearchAction\",\"target\":{\"@type\":\"EntryPoint\",\"urlTemplate\":\"https:\\\/\\\/frederictonpride.com\\\/?s={search_term_string}\"},\"query-input\":{\"@type\":\"PropertyValueSpecification\",\"valueRequired\":true,\"valueName\":\"search_term_string\"}}],\"inLanguage\":\"fr-CA\"}]}<\/script>\n<!-- \/ Yoast SEO plugin. -->","yoast_head_json":{"title":"The Festival - FIERT\u00c9 FREDERICTON PRIDE","description":"FIERT\u00c9 FIERT\u00c9 FREDERICTON","robots":{"index":"index","follow":"follow","max-snippet":"max-snippet:-1","max-image-preview":"max-image-preview:large","max-video-preview":"max-video-preview:-1"},"canonical":"https:\/\/frederictonpride.com\/fr\/the-festival\/","og_locale":"fr_CA","og_type":"article","og_title":"The Festival - FIERT\u00c9 FREDERICTON PRIDE","og_description":"FIERT\u00c9 FREDERICTON PRIDE","og_url":"https:\/\/frederictonpride.com\/fr\/the-festival\/","og_site_name":"FIERT\u00c9 FREDERICTON PRIDE","article_publisher":"https:\/\/www.facebook.com\/frederictonpride\/","article_modified_time":"2026-04-13T20:58:24+00:00","twitter_card":"summary_large_image","twitter_misc":{"Estimation du temps de lecture":"4 minutes"},"schema":{"@context":"https:\/\/schema.org","@graph":[{"@type":"WebPage","@id":"https:\/\/frederictonpride.com\/the-festival\/","url":"https:\/\/frederictonpride.com\/the-festival\/","name":"The Festival - FIERT\u00c9 FREDERICTON PRIDE","isPartOf":{"@id":"https:\/\/frederictonpride.com\/#website"},"datePublished":"2019-04-08T03:08:21+00:00","dateModified":"2026-04-13T20:58:24+00:00","description":"FIERT\u00c9 FIERT\u00c9 FREDERICTON","breadcrumb":{"@id":"https:\/\/frederictonpride.com\/the-festival\/#breadcrumb"},"inLanguage":"fr-CA","potentialAction":[{"@type":"ReadAction","target":["https:\/\/frederictonpride.com\/the-festival\/"]}]},{"@type":"BreadcrumbList","@id":"https:\/\/frederictonpride.com\/the-festival\/#breadcrumb","itemListElement":[{"@type":"ListItem","position":1,"name":"Home","item":"https:\/\/frederictonpride.com\/"},{"@type":"ListItem","position":2,"name":"The Festival"}]},{"@type":"WebSite","@id":"https:\/\/frederictonpride.com\/#website","url":"https:\/\/frederictonpride.com\/","name":"FIERT\u00c9 FIERT\u00c9 FREDERICTON","description":"","potentialAction":[{"@type":"SearchAction","target":{"@type":"EntryPoint","urlTemplate":"https:\/\/frederictonpride.com\/?s={search_term_string}"},"query-input":{"@type":"PropertyValueSpecification","valueRequired":true,"valueName":"search_term_string"}}],"inLanguage":"fr-CA"}]}},"_links":{"self":[{"href":"https:\/\/frederictonpride.com\/fr\/wp-json\/wp\/v2\/pages\/243","targetHints":{"allow":["GET"]}}],"collection":[{"href":"https:\/\/frederictonpride.com\/fr\/wp-json\/wp\/v2\/pages"}],"about":[{"href":"https:\/\/frederictonpride.com\/fr\/wp-json\/wp\/v2\/types\/page"}],"author":[{"embeddable":true,"href":"https:\/\/frederictonpride.com\/fr\/wp-json\/wp\/v2\/users\/1"}],"replies":[{"embeddable":true,"href":"https:\/\/frederictonpride.com\/fr\/wp-json\/wp\/v2\/comments?post=243"}],"version-history":[{"count":0,"href":"https:\/\/frederictonpride.com\/fr\/wp-json\/wp\/v2\/pages\/243\/revisions"}],"wp:attachment":[{"href":"https:\/\/frederictonpride.com\/fr\/wp-json\/wp\/v2\/media?parent=243"}],"curies":[{"name":"wp","href":"https:\/\/api.w.org\/{rel}","templated":true}]}}