{"id":3599,"date":"2021-01-14T23:33:23","date_gmt":"2021-01-15T02:33:23","guid":{"rendered":"https:\/\/frederictonpride.com\/?page_id=3599"},"modified":"2023-11-22T21:09:25","modified_gmt":"2023-11-23T01:09:25","slug":"payments","status":"publish","type":"page","link":"https:\/\/frederictonpride.com\/fr\/payments\/","title":{"rendered":"Paiements"},"content":{"rendered":"<p><div class=\"fusion-fullwidth fullwidth-box fusion-builder-row-1 fusion-flex-container hundred-percent-fullwidth non-hundred-percent-height-scrolling\" style=\"--awb-border-radius-top-left:0px;--awb-border-radius-top-right:0px;--awb-border-radius-bottom-right:0px;--awb-border-radius-bottom-left:0px;--awb-padding-top:20px;--awb-padding-right:20px;--awb-padding-bottom:0px;--awb-padding-left:20px;--awb-margin-top:0px;--awb-margin-bottom:0px;--awb-background-color:#100f1a;--awb-flex-wrap:wrap;\" ><div class=\"fusion-builder-row fusion-row fusion-flex-align-items-flex-start fusion-flex-content-wrap\" style=\"width:104% !important;max-width:104% !important;margin-left: calc(-4% \/ 2 );margin-right: calc(-4% \/ 2 );\"><div class=\"fusion-layout-column fusion_builder_column fusion-builder-column-0 fusion_builder_column_1_1 1_1 fusion-flex-column\" style=\"--awb-padding-bottom:0px;--awb-bg-size:cover;--awb-width-large:100%;--awb-margin-top-large:0px;--awb-spacing-right-large:1.92%;--awb-margin-bottom-large:0px;--awb-spacing-left-large:1.92%;--awb-width-medium:100%;--awb-order-medium:0;--awb-spacing-right-medium:1.92%;--awb-spacing-left-medium:1.92%;--awb-width-small:100%;--awb-order-small:0;--awb-spacing-right-small:1.92%;--awb-spacing-left-small:1.92%;\"><div class=\"fusion-column-wrapper fusion-column-has-shadow fusion-flex-justify-content-flex-start fusion-content-layout-column\"><div class=\"fusion-text fusion-text-1\" style=\"--awb-line-height:30px;\"><p style=\"text-align: right; color: rgb(231, 228, 241); font-family: 'Roboto Condensed'; font-weight: 300; font-size: 37px; line-height: 37px; letter-spacing: normal;\" data-fusion-font=\"true\" data-fusion-google-font=\"Roboto Condensed\" data-fusion-google-variant=\"300\">PAIEMENTS<\/p>\n<\/div><\/div><\/div><\/div><\/div><div id=\"Donate\" class=\"fusion-container-anchor\"><div class=\"fusion-fullwidth fullwidth-box fusion-builder-row-2 fusion-flex-container hundred-percent-fullwidth non-hundred-percent-height-scrolling\" style=\"--awb-border-radius-top-left:0px;--awb-border-radius-top-right:0px;--awb-border-radius-bottom-right:0px;--awb-border-radius-bottom-left:0px;--awb-padding-top:0px;--awb-padding-right:0px;--awb-padding-bottom:0px;--awb-padding-left:0px;--awb-margin-top:0px;--awb-margin-bottom:2px;--awb-background-color:#100f1a;--awb-flex-wrap:wrap;\" ><div class=\"fusion-builder-row fusion-row fusion-flex-align-items-flex-start fusion-flex-content-wrap\" style=\"width:104% !important;max-width:104% !important;margin-left: calc(-4% \/ 2 );margin-right: calc(-4% \/ 2 );\"><div class=\"fusion-layout-column fusion_builder_column fusion-builder-column-1 fusion_builder_column_1_1 1_1 fusion-flex-column\" style=\"--awb-padding-top:20px;--awb-padding-right:20px;--awb-padding-left:20px;--awb-bg-color:#ffffff;--awb-bg-color-hover:#ffffff;--awb-bg-size:cover;--awb-border-color:#ffffff;--awb-border-right:3px;--awb-border-style:solid;--awb-width-large:100%;--awb-margin-top-large:0px;--awb-spacing-right-large:0%;--awb-margin-bottom-large:0px;--awb-spacing-left-large:0%;--awb-width-medium:100%;--awb-order-medium:0;--awb-spacing-right-medium:0%;--awb-spacing-left-medium:0%;--awb-width-small:100%;--awb-order-small:0;--awb-spacing-right-small:1.92%;--awb-spacing-left-small:1.92%;\"><div class=\"fusion-column-wrapper fusion-column-has-shadow fusion-flex-justify-content-flex-start fusion-content-layout-column\"><div class=\"fusion-text fusion-text-2\"><p style=\"text-align: center; font-family: 'Roboto Condensed'; font-weight: 300;\" data-fusion-font=\"true\" data-fusion-google-font=\"Roboto Condensed\" data-fusion-google-variant=\"300\">CLICK BELOW TO DONATE TO FIERT\u00c9 FREDERICTON PRIDE. WE SO APPRECIATE YOUR SUPPORT.<\/p>\n<p style=\"text-align: center;\"><style>\r\n        .wpedon-container .wpedon-select,\r\n        .wpedon-container .wpedon-input {\r\n            width: 170px;\r\n            min-width: 170px;\r\n            max-width: 170px;\r\n        }\r\n    <\/style><div class='wpedon-container wpedon-align-center'><form target='_blank' action='https:\/\/www.paypal.com\/cgi-bin\/webscr' method='post' class='wpedon-form'><input type='hidden' name='cmd' value='_donations' \/><input type='hidden' name='business' value='CU59ED4HEFRRW' \/><input type='hidden' name='currency_code' value='CAD' \/><input type='hidden' name='notify_url' value='https:\/\/frederictonpride.com\/wp-admin\/admin-post.php?action=add_wpedon_button_ipn'><input type='hidden' name='lc' value='en_US'><input type='hidden' name='bn' value='WPPlugin_SP'><input type='hidden' name='return' value='' \/><input type='hidden' name='cancel_return' value='' \/><input class='wpedon_paypalbuttonimage' type='image' src='https:\/\/www.paypalobjects.com\/webstatic\/en_US\/btn\/btn_donate_pp_142x27.png' border='0' name='submit' alt='Make your payments with PayPal. It is free, secure, effective.' style='border: none;'><img alt='' border='0' style='border:none;display:none;' src='https:\/\/www.paypal.com\/en_US\/i\/scr\/pixel.gif' width='1' height='1'><input type='hidden' name='amount' id='amount_fe80af4fbb5597d31764928015115eb2' value='' \/><input type='hidden' name='price' id='price_fe80af4fbb5597d31764928015115eb2' value='' \/><input type='hidden' name='item_number' value='' \/><input type='hidden' name='item_name' value='Donate' \/><input type='hidden' name='name' value='Donate' \/><input type='hidden' name='custom' value='505'><input type='hidden' name='no_shipping' value='1'><input type='hidden' name='no_note' value='0'><input type='hidden' name='currency_code' value='CAD'><\/form><\/div><\/p>\n<\/div><\/div><\/div><\/div><\/div><\/div><\/p>","protected":false},"excerpt":{"rendered":"","protected":false},"author":1,"featured_media":0,"parent":0,"menu_order":0,"comment_status":"closed","ping_status":"closed","template":"100-width.php","meta":{"ngg_post_thumbnail":0,"footnotes":""},"class_list":["post-3599","page","type-page","status-publish","hentry"],"yoast_head":"<!-- This site is optimized with the Yoast SEO plugin v27.4 - https:\/\/yoast.com\/product\/yoast-seo-wordpress\/ -->\n<title>Payments - FIERT\u00c9 FREDERICTON PRIDE<\/title>\n<meta name=\"description\" content=\"FIERT\u00c9 FREDERICTON PRIDE\" class=\"yoast-seo-meta-tag\" \/>\n<meta name=\"robots\" content=\"index, follow, max-snippet:-1, max-image-preview:large, max-video-preview:-1\" \/>\n<link rel=\"canonical\" href=\"https:\/\/frederictonpride.com\/fr\/payments\/\" class=\"yoast-seo-meta-tag\" \/>\n<meta property=\"og:locale\" content=\"fr_CA\" class=\"yoast-seo-meta-tag\" \/>\n<meta property=\"og:type\" content=\"article\" class=\"yoast-seo-meta-tag\" \/>\n<meta property=\"og:title\" content=\"Payments - FIERT\u00c9 FREDERICTON PRIDE\" class=\"yoast-seo-meta-tag\" \/>\n<meta property=\"og:description\" content=\"FIERT\u00c9 FREDERICTON PRIDE\" class=\"yoast-seo-meta-tag\" \/>\n<meta property=\"og:url\" content=\"https:\/\/frederictonpride.com\/fr\/payments\/\" class=\"yoast-seo-meta-tag\" \/>\n<meta property=\"og:site_name\" content=\"FIERT\u00c9 FREDERICTON PRIDE\" class=\"yoast-seo-meta-tag\" \/>\n<meta property=\"article:publisher\" content=\"https:\/\/www.facebook.com\/frederictonpride\/\" class=\"yoast-seo-meta-tag\" \/>\n<meta property=\"article:modified_time\" content=\"2023-11-23T01:09:25+00:00\" class=\"yoast-seo-meta-tag\" \/>\n<meta name=\"twitter:card\" content=\"summary_large_image\" class=\"yoast-seo-meta-tag\" \/>\n<meta name=\"twitter:label1\" content=\"Estimation du temps de lecture\" class=\"yoast-seo-meta-tag\" \/>\n\t<meta name=\"twitter:data1\" content=\"4 minutes\" class=\"yoast-seo-meta-tag\" \/>\n<script type=\"application\/ld+json\" class=\"yoast-schema-graph\">{\"@context\":\"https:\\\/\\\/schema.org\",\"@graph\":[{\"@type\":\"WebPage\",\"@id\":\"https:\\\/\\\/frederictonpride.com\\\/payments\\\/\",\"url\":\"https:\\\/\\\/frederictonpride.com\\\/payments\\\/\",\"name\":\"Payments - FIERT\u00c9 FREDERICTON PRIDE\",\"isPartOf\":{\"@id\":\"https:\\\/\\\/frederictonpride.com\\\/#website\"},\"datePublished\":\"2021-01-15T02:33:23+00:00\",\"dateModified\":\"2023-11-23T01:09:25+00:00\",\"description\":\"FIERT\u00c9 FREDERICTON PRIDE\",\"breadcrumb\":{\"@id\":\"https:\\\/\\\/frederictonpride.com\\\/payments\\\/#breadcrumb\"},\"inLanguage\":\"fr-CA\",\"potentialAction\":[{\"@type\":\"ReadAction\",\"target\":[\"https:\\\/\\\/frederictonpride.com\\\/payments\\\/\"]}]},{\"@type\":\"BreadcrumbList\",\"@id\":\"https:\\\/\\\/frederictonpride.com\\\/payments\\\/#breadcrumb\",\"itemListElement\":[{\"@type\":\"ListItem\",\"position\":1,\"name\":\"Home\",\"item\":\"https:\\\/\\\/frederictonpride.com\\\/\"},{\"@type\":\"ListItem\",\"position\":2,\"name\":\"Payments\"}]},{\"@type\":\"WebSite\",\"@id\":\"https:\\\/\\\/frederictonpride.com\\\/#website\",\"url\":\"https:\\\/\\\/frederictonpride.com\\\/\",\"name\":\"FIERT\u00c9 FREDERICTON PRIDE\",\"description\":\"\",\"potentialAction\":[{\"@type\":\"SearchAction\",\"target\":{\"@type\":\"EntryPoint\",\"urlTemplate\":\"https:\\\/\\\/frederictonpride.com\\\/?s={search_term_string}\"},\"query-input\":{\"@type\":\"PropertyValueSpecification\",\"valueRequired\":true,\"valueName\":\"search_term_string\"}}],\"inLanguage\":\"fr-CA\"}]}<\/script>\n<!-- \/ Yoast SEO plugin. -->","yoast_head_json":{"title":"Payments - FIERT\u00c9 FREDERICTON PRIDE","description":"FIERT\u00c9 FIERT\u00c9 FREDERICTON","robots":{"index":"index","follow":"follow","max-snippet":"max-snippet:-1","max-image-preview":"max-image-preview:large","max-video-preview":"max-video-preview:-1"},"canonical":"https:\/\/frederictonpride.com\/fr\/payments\/","og_locale":"fr_CA","og_type":"article","og_title":"Payments - FIERT\u00c9 FREDERICTON PRIDE","og_description":"FIERT\u00c9 FREDERICTON PRIDE","og_url":"https:\/\/frederictonpride.com\/fr\/payments\/","og_site_name":"FIERT\u00c9 FREDERICTON PRIDE","article_publisher":"https:\/\/www.facebook.com\/frederictonpride\/","article_modified_time":"2023-11-23T01:09:25+00:00","twitter_card":"summary_large_image","twitter_misc":{"Estimation du temps de lecture":"4 minutes"},"schema":{"@context":"https:\/\/schema.org","@graph":[{"@type":"WebPage","@id":"https:\/\/frederictonpride.com\/payments\/","url":"https:\/\/frederictonpride.com\/payments\/","name":"Payments - FIERT\u00c9 FREDERICTON PRIDE","isPartOf":{"@id":"https:\/\/frederictonpride.com\/#website"},"datePublished":"2021-01-15T02:33:23+00:00","dateModified":"2023-11-23T01:09:25+00:00","description":"FIERT\u00c9 FIERT\u00c9 FREDERICTON","breadcrumb":{"@id":"https:\/\/frederictonpride.com\/payments\/#breadcrumb"},"inLanguage":"fr-CA","potentialAction":[{"@type":"ReadAction","target":["https:\/\/frederictonpride.com\/payments\/"]}]},{"@type":"BreadcrumbList","@id":"https:\/\/frederictonpride.com\/payments\/#breadcrumb","itemListElement":[{"@type":"ListItem","position":1,"name":"Home","item":"https:\/\/frederictonpride.com\/"},{"@type":"ListItem","position":2,"name":"Payments"}]},{"@type":"WebSite","@id":"https:\/\/frederictonpride.com\/#website","url":"https:\/\/frederictonpride.com\/","name":"FIERT\u00c9 FIERT\u00c9 FREDERICTON","description":"","potentialAction":[{"@type":"SearchAction","target":{"@type":"EntryPoint","urlTemplate":"https:\/\/frederictonpride.com\/?s={search_term_string}"},"query-input":{"@type":"PropertyValueSpecification","valueRequired":true,"valueName":"search_term_string"}}],"inLanguage":"fr-CA"}]}},"_links":{"self":[{"href":"https:\/\/frederictonpride.com\/fr\/wp-json\/wp\/v2\/pages\/3599","targetHints":{"allow":["GET"]}}],"collection":[{"href":"https:\/\/frederictonpride.com\/fr\/wp-json\/wp\/v2\/pages"}],"about":[{"href":"https:\/\/frederictonpride.com\/fr\/wp-json\/wp\/v2\/types\/page"}],"author":[{"embeddable":true,"href":"https:\/\/frederictonpride.com\/fr\/wp-json\/wp\/v2\/users\/1"}],"replies":[{"embeddable":true,"href":"https:\/\/frederictonpride.com\/fr\/wp-json\/wp\/v2\/comments?post=3599"}],"version-history":[{"count":0,"href":"https:\/\/frederictonpride.com\/fr\/wp-json\/wp\/v2\/pages\/3599\/revisions"}],"wp:attachment":[{"href":"https:\/\/frederictonpride.com\/fr\/wp-json\/wp\/v2\/media?parent=3599"}],"curies":[{"name":"wp","href":"https:\/\/api.w.org\/{rel}","templated":true}]}}