{"id":3671,"date":"2021-02-27T13:37:11","date_gmt":"2021-02-27T17:37:11","guid":{"rendered":"https:\/\/frederictonpride.com\/?page_id=3671"},"modified":"2021-03-06T20:21:18","modified_gmt":"2021-03-07T00:21:18","slug":"visions-of-pride","status":"publish","type":"page","link":"https:\/\/frederictonpride.com\/fr\/visions-of-pride\/","title":{"rendered":"Visions de fiert\u00e9"},"content":{"rendered":"<p><div class=\"fusion-fullwidth fullwidth-box fusion-builder-row-1 fusion-flex-container nonhundred-percent-fullwidth non-hundred-percent-height-scrolling\" style=\"--awb-border-radius-top-left:0px;--awb-border-radius-top-right:0px;--awb-border-radius-bottom-right:0px;--awb-border-radius-bottom-left:0px;--awb-flex-wrap:wrap;\" ><div class=\"fusion-builder-row fusion-row fusion-flex-align-items-flex-start fusion-flex-content-wrap\" style=\"max-width:1248px;margin-left: calc(-4% \/ 2 );margin-right: calc(-4% \/ 2 );\"><div class=\"fusion-layout-column fusion_builder_column fusion-builder-column-0 fusion_builder_column_1_1 1_1 fusion-flex-column\" style=\"--awb-bg-size:cover;--awb-width-large:100%;--awb-margin-top-large:0px;--awb-spacing-right-large:0%;--awb-margin-bottom-large:0px;--awb-spacing-left-large:0%;--awb-width-medium:100%;--awb-order-medium:0;--awb-spacing-right-medium:0%;--awb-spacing-left-medium:0%;--awb-width-small:100%;--awb-order-small:0;--awb-spacing-right-small:1.92%;--awb-spacing-left-small:1.92%;\"><div class=\"fusion-column-wrapper fusion-column-has-shadow fusion-flex-justify-content-flex-start fusion-content-layout-column\"><div class=\"fusion-title title fusion-title-1 fusion-title-center fusion-title-text fusion-title-size-one\"><div class=\"title-sep-container title-sep-container-left\"><div class=\"title-sep sep-double sep-solid\" style=\"border-color:#e2e2e2;\"><\/div><\/div><span class=\"awb-title-spacer\"><\/span><h1 class=\"fusion-title-heading title-heading-center\" style=\"font-family:&quot;Roboto Condensed&quot;;margin:0;\">Visions de fiert\u00e9<\/h1><span class=\"awb-title-spacer\"><\/span><div class=\"title-sep-container title-sep-container-right\"><div class=\"title-sep sep-double sep-solid\" style=\"border-color:#e2e2e2;\"><\/div><\/div><\/div><div class=\"fusion-text fusion-text-1\"><p style=\"text-align: center;\">Visions of Pride est un projet d&#039;art communautaire collaboratif rendu possible gr\u00e2ce \u00e0 une subvention communautaire de la Tegan and Sara Foundation et soutenu par Endeavors ThinkPlay. Un spectacle en personne a \u00e9t\u00e9 retard\u00e9 en raison du COVID-19, mais sera organis\u00e9 une fois que possible.\u00a0<\/p>\n<\/div><\/div><\/div><\/div><\/div><div class=\"fusion-fullwidth fullwidth-box fusion-builder-row-2 fusion-flex-container nonhundred-percent-fullwidth non-hundred-percent-height-scrolling\" style=\"--awb-border-radius-top-left:0px;--awb-border-radius-top-right:0px;--awb-border-radius-bottom-right:0px;--awb-border-radius-bottom-left:0px;--awb-flex-wrap:wrap;\" ><div class=\"fusion-builder-row fusion-row fusion-flex-align-items-flex-start fusion-flex-content-wrap\" style=\"max-width:1248px;margin-left: calc(-4% \/ 2 );margin-right: calc(-4% \/ 2 );\"><div class=\"fusion-layout-column fusion_builder_column fusion-builder-column-1 fusion_builder_column_1_1 1_1 fusion-flex-column\" style=\"--awb-bg-size:cover;--awb-width-large:100%;--awb-margin-top-large:0px;--awb-spacing-right-large:1.92%;--awb-margin-bottom-large:20px;--awb-spacing-left-large:1.92%;--awb-width-medium:100%;--awb-order-medium:0;--awb-spacing-right-medium:1.92%;--awb-spacing-left-medium:1.92%;--awb-width-small:100%;--awb-order-small:0;--awb-spacing-right-small:1.92%;--awb-spacing-left-small:1.92%;\"><div class=\"fusion-column-wrapper fusion-column-has-shadow fusion-flex-justify-content-flex-start fusion-content-layout-column\"><div class=\"fusion-text fusion-text-2\"><pre><code><\/code><\/pre>\nngg_shortcode_0_placeholder\n<pre><code>\r\n<\/code><\/pre>\n<\/div><\/div><\/div><\/div><\/div><\/p>","protected":false},"excerpt":{"rendered":"","protected":false},"author":17,"featured_media":0,"parent":0,"menu_order":0,"comment_status":"closed","ping_status":"closed","template":"","meta":{"ngg_post_thumbnail":0,"footnotes":""},"class_list":["post-3671","page","type-page","status-publish","hentry"],"yoast_head":"<!-- This site is optimized with the Yoast SEO plugin v27.4 - https:\/\/yoast.com\/product\/yoast-seo-wordpress\/ -->\n<title>Visions of Pride - FIERT\u00c9 FREDERICTON PRIDE<\/title>\n<meta name=\"description\" content=\"FIERT\u00c9 FREDERICTON PRIDE\" class=\"yoast-seo-meta-tag\" \/>\n<meta name=\"robots\" content=\"index, follow, max-snippet:-1, max-image-preview:large, max-video-preview:-1\" \/>\n<link rel=\"canonical\" href=\"https:\/\/frederictonpride.com\/fr\/visions-of-pride\/\" class=\"yoast-seo-meta-tag\" \/>\n<meta property=\"og:locale\" content=\"fr_CA\" class=\"yoast-seo-meta-tag\" \/>\n<meta property=\"og:type\" content=\"article\" class=\"yoast-seo-meta-tag\" \/>\n<meta property=\"og:title\" content=\"Visions of Pride - FIERT\u00c9 FREDERICTON PRIDE\" class=\"yoast-seo-meta-tag\" \/>\n<meta property=\"og:description\" content=\"FIERT\u00c9 FREDERICTON PRIDE\" class=\"yoast-seo-meta-tag\" \/>\n<meta property=\"og:url\" content=\"https:\/\/frederictonpride.com\/fr\/visions-of-pride\/\" class=\"yoast-seo-meta-tag\" \/>\n<meta property=\"og:site_name\" content=\"FIERT\u00c9 FREDERICTON PRIDE\" class=\"yoast-seo-meta-tag\" \/>\n<meta property=\"article:publisher\" content=\"https:\/\/www.facebook.com\/frederictonpride\/\" class=\"yoast-seo-meta-tag\" \/>\n<meta property=\"article:modified_time\" content=\"2021-03-07T00:21:18+00:00\" class=\"yoast-seo-meta-tag\" \/>\n<meta name=\"twitter:card\" content=\"summary_large_image\" class=\"yoast-seo-meta-tag\" \/>\n<meta name=\"twitter:label1\" content=\"Estimation du temps de lecture\" class=\"yoast-seo-meta-tag\" \/>\n\t<meta name=\"twitter:data1\" content=\"5 minutes\" class=\"yoast-seo-meta-tag\" \/>\n<script type=\"application\/ld+json\" class=\"yoast-schema-graph\">{\"@context\":\"https:\\\/\\\/schema.org\",\"@graph\":[{\"@type\":\"WebPage\",\"@id\":\"https:\\\/\\\/frederictonpride.com\\\/visions-of-pride\\\/\",\"url\":\"https:\\\/\\\/frederictonpride.com\\\/visions-of-pride\\\/\",\"name\":\"Visions of Pride - FIERT\u00c9 FREDERICTON PRIDE\",\"isPartOf\":{\"@id\":\"https:\\\/\\\/frederictonpride.com\\\/#website\"},\"datePublished\":\"2021-02-27T17:37:11+00:00\",\"dateModified\":\"2021-03-07T00:21:18+00:00\",\"description\":\"FIERT\u00c9 FREDERICTON PRIDE\",\"breadcrumb\":{\"@id\":\"https:\\\/\\\/frederictonpride.com\\\/visions-of-pride\\\/#breadcrumb\"},\"inLanguage\":\"fr-CA\",\"potentialAction\":[{\"@type\":\"ReadAction\",\"target\":[\"https:\\\/\\\/frederictonpride.com\\\/visions-of-pride\\\/\"]}]},{\"@type\":\"BreadcrumbList\",\"@id\":\"https:\\\/\\\/frederictonpride.com\\\/visions-of-pride\\\/#breadcrumb\",\"itemListElement\":[{\"@type\":\"ListItem\",\"position\":1,\"name\":\"Home\",\"item\":\"https:\\\/\\\/frederictonpride.com\\\/\"},{\"@type\":\"ListItem\",\"position\":2,\"name\":\"Visions of Pride\"}]},{\"@type\":\"WebSite\",\"@id\":\"https:\\\/\\\/frederictonpride.com\\\/#website\",\"url\":\"https:\\\/\\\/frederictonpride.com\\\/\",\"name\":\"FIERT\u00c9 FREDERICTON PRIDE\",\"description\":\"\",\"potentialAction\":[{\"@type\":\"SearchAction\",\"target\":{\"@type\":\"EntryPoint\",\"urlTemplate\":\"https:\\\/\\\/frederictonpride.com\\\/?s={search_term_string}\"},\"query-input\":{\"@type\":\"PropertyValueSpecification\",\"valueRequired\":true,\"valueName\":\"search_term_string\"}}],\"inLanguage\":\"fr-CA\"}]}<\/script>\n<!-- \/ Yoast SEO plugin. -->","yoast_head_json":{"title":"Visions of Pride - FIERT\u00c9 FREDERICTON PRIDE","description":"FIERT\u00c9 FIERT\u00c9 FREDERICTON","robots":{"index":"index","follow":"follow","max-snippet":"max-snippet:-1","max-image-preview":"max-image-preview:large","max-video-preview":"max-video-preview:-1"},"canonical":"https:\/\/frederictonpride.com\/fr\/visions-of-pride\/","og_locale":"fr_CA","og_type":"article","og_title":"Visions of Pride - FIERT\u00c9 FREDERICTON PRIDE","og_description":"FIERT\u00c9 FREDERICTON PRIDE","og_url":"https:\/\/frederictonpride.com\/fr\/visions-of-pride\/","og_site_name":"FIERT\u00c9 FREDERICTON PRIDE","article_publisher":"https:\/\/www.facebook.com\/frederictonpride\/","article_modified_time":"2021-03-07T00:21:18+00:00","twitter_card":"summary_large_image","twitter_misc":{"Estimation du temps de lecture":"5 minutes"},"schema":{"@context":"https:\/\/schema.org","@graph":[{"@type":"WebPage","@id":"https:\/\/frederictonpride.com\/visions-of-pride\/","url":"https:\/\/frederictonpride.com\/visions-of-pride\/","name":"Visions of Pride - FIERT\u00c9 FREDERICTON PRIDE","isPartOf":{"@id":"https:\/\/frederictonpride.com\/#website"},"datePublished":"2021-02-27T17:37:11+00:00","dateModified":"2021-03-07T00:21:18+00:00","description":"FIERT\u00c9 FIERT\u00c9 FREDERICTON","breadcrumb":{"@id":"https:\/\/frederictonpride.com\/visions-of-pride\/#breadcrumb"},"inLanguage":"fr-CA","potentialAction":[{"@type":"ReadAction","target":["https:\/\/frederictonpride.com\/visions-of-pride\/"]}]},{"@type":"BreadcrumbList","@id":"https:\/\/frederictonpride.com\/visions-of-pride\/#breadcrumb","itemListElement":[{"@type":"ListItem","position":1,"name":"Home","item":"https:\/\/frederictonpride.com\/"},{"@type":"ListItem","position":2,"name":"Visions of Pride"}]},{"@type":"WebSite","@id":"https:\/\/frederictonpride.com\/#website","url":"https:\/\/frederictonpride.com\/","name":"FIERT\u00c9 FIERT\u00c9 FREDERICTON","description":"","potentialAction":[{"@type":"SearchAction","target":{"@type":"EntryPoint","urlTemplate":"https:\/\/frederictonpride.com\/?s={search_term_string}"},"query-input":{"@type":"PropertyValueSpecification","valueRequired":true,"valueName":"search_term_string"}}],"inLanguage":"fr-CA"}]}},"_links":{"self":[{"href":"https:\/\/frederictonpride.com\/fr\/wp-json\/wp\/v2\/pages\/3671","targetHints":{"allow":["GET"]}}],"collection":[{"href":"https:\/\/frederictonpride.com\/fr\/wp-json\/wp\/v2\/pages"}],"about":[{"href":"https:\/\/frederictonpride.com\/fr\/wp-json\/wp\/v2\/types\/page"}],"author":[{"embeddable":true,"href":"https:\/\/frederictonpride.com\/fr\/wp-json\/wp\/v2\/users\/17"}],"replies":[{"embeddable":true,"href":"https:\/\/frederictonpride.com\/fr\/wp-json\/wp\/v2\/comments?post=3671"}],"version-history":[{"count":0,"href":"https:\/\/frederictonpride.com\/fr\/wp-json\/wp\/v2\/pages\/3671\/revisions"}],"wp:attachment":[{"href":"https:\/\/frederictonpride.com\/fr\/wp-json\/wp\/v2\/media?parent=3671"}],"curies":[{"name":"wp","href":"https:\/\/api.w.org\/{rel}","templated":true}]}}