{"id":3909,"date":"2021-05-26T20:24:30","date_gmt":"2021-05-27T00:24:30","guid":{"rendered":"https:\/\/frederictonpride.com\/?page_id=3909"},"modified":"2024-07-12T14:27:33","modified_gmt":"2024-07-12T18:27:33","slug":"ongoing-programs","status":"publish","type":"page","link":"https:\/\/frederictonpride.com\/fr\/ongoing-programs\/","title":{"rendered":"Programmes en cours"},"content":{"rendered":"<p><div class=\"fusion-fullwidth fullwidth-box fusion-builder-row-1 fusion-flex-container hundred-percent-fullwidth non-hundred-percent-height-scrolling\" style=\"--awb-border-radius-top-left:0px;--awb-border-radius-top-right:0px;--awb-border-radius-bottom-right:0px;--awb-border-radius-bottom-left:0px;--awb-padding-top:20px;--awb-padding-right:20px;--awb-padding-bottom:0px;--awb-padding-left:20px;--awb-margin-top:0px;--awb-margin-bottom:0px;--awb-background-color:#100f1a;--awb-flex-wrap:wrap;\" ><div class=\"fusion-builder-row fusion-row fusion-flex-align-items-flex-start fusion-flex-content-wrap\" style=\"width:104% !important;max-width:104% !important;margin-left: calc(-4% \/ 2 );margin-right: calc(-4% \/ 2 );\"><div class=\"fusion-layout-column fusion_builder_column fusion-builder-column-0 fusion_builder_column_1_1 1_1 fusion-flex-column\" style=\"--awb-padding-bottom:0px;--awb-bg-size:cover;--awb-width-large:100%;--awb-margin-top-large:0px;--awb-spacing-right-large:1.92%;--awb-margin-bottom-large:0px;--awb-spacing-left-large:1.92%;--awb-width-medium:100%;--awb-order-medium:0;--awb-spacing-right-medium:1.92%;--awb-spacing-left-medium:1.92%;--awb-width-small:100%;--awb-order-small:0;--awb-spacing-right-small:1.92%;--awb-spacing-left-small:1.92%;\"><div class=\"fusion-column-wrapper fusion-column-has-shadow fusion-flex-justify-content-flex-start fusion-content-layout-column\"><div class=\"fusion-text fusion-text-1\" style=\"--awb-line-height:30px;\"><p style=\"text-align: right; color: #e7e4f1; font-family: 'Roboto Condensed'; font-weight: 300; font-size: 37px; line-height: 37px; letter-spacing: normal;\" data-fusion-font=\"true\" data-fusion-google-font=\"Roboto Condensed\" data-fusion-google-variant=\"300\">PROGRAMMES EN COURS<\/p>\n<\/div><\/div><\/div><\/div><\/div><div id=\"SubmitAnEvent\" class=\"fusion-container-anchor\"><div class=\"fusion-fullwidth fullwidth-box fusion-builder-row-2 fusion-flex-container hundred-percent-fullwidth non-hundred-percent-height-scrolling\" style=\"--awb-border-radius-top-left:0px;--awb-border-radius-top-right:0px;--awb-border-radius-bottom-right:0px;--awb-border-radius-bottom-left:0px;--awb-padding-top:0px;--awb-padding-right:0px;--awb-padding-bottom:0px;--awb-padding-left:0px;--awb-margin-top:0px;--awb-margin-bottom:2px;--awb-background-color:#100f1a;--awb-flex-wrap:wrap;\" ><div class=\"fusion-builder-row fusion-row fusion-flex-align-items-flex-start fusion-flex-content-wrap\" style=\"width:104% !important;max-width:104% !important;margin-left: calc(-4% \/ 2 );margin-right: calc(-4% \/ 2 );\"><div class=\"fusion-layout-column fusion_builder_column fusion-builder-column-1 fusion_builder_column_1_1 1_1 fusion-flex-column\" style=\"--awb-padding-top:20px;--awb-padding-right:20px;--awb-padding-left:20px;--awb-bg-color:#100f1a;--awb-bg-color-hover:#100f1a;--awb-bg-size:cover;--awb-border-color:#ffffff;--awb-border-right:3px;--awb-border-style:solid;--awb-width-large:100%;--awb-margin-top-large:0px;--awb-spacing-right-large:0%;--awb-margin-bottom-large:0px;--awb-spacing-left-large:0%;--awb-width-medium:100%;--awb-order-medium:0;--awb-spacing-right-medium:0%;--awb-spacing-left-medium:0%;--awb-width-small:100%;--awb-order-small:0;--awb-spacing-right-small:1.92%;--awb-spacing-left-small:1.92%;\"><div class=\"fusion-column-wrapper fusion-column-has-shadow fusion-flex-justify-content-flex-start fusion-content-layout-column\"><div class=\"fusion-text fusion-text-2\" style=\"--awb-line-height:30px;\"><p style=\"color: #e7e4f1; font-family: 'Roboto Condensed'; font-weight: 300; font-size: 37px; line-height: 37px; letter-spacing: normal; text-align: center;\" data-fusion-font=\"true\" data-fusion-google-font=\"Roboto Condensed\" data-fusion-google-variant=\"300\">MANGEZ AVEC FIERT\u00c9<\/p>\n<\/div><\/div><\/div><\/div><\/div><\/div><div class=\"fusion-fullwidth fullwidth-box fusion-builder-row-3 fusion-flex-container hundred-percent-fullwidth non-hundred-percent-height-scrolling\" style=\"--awb-border-radius-top-left:0px;--awb-border-radius-top-right:0px;--awb-border-radius-bottom-right:0px;--awb-border-radius-bottom-left:0px;--awb-padding-top:0px;--awb-padding-right:50px;--awb-padding-bottom:0px;--awb-padding-left:50px;--awb-margin-bottom:2px;--awb-flex-wrap:wrap;\" ><div class=\"fusion-builder-row fusion-row fusion-flex-align-items-flex-start fusion-flex-content-wrap\" style=\"width:104% !important;max-width:104% !important;margin-left: calc(-4% \/ 2 );margin-right: calc(-4% \/ 2 );\"><div class=\"fusion-layout-column fusion_builder_column fusion-builder-column-2 fusion_builder_column_1_4 1_4 fusion-flex-column\" style=\"--awb-padding-top:20px;--awb-bg-size:cover;--awb-width-large:25%;--awb-margin-top-large:0px;--awb-spacing-right-large:0%;--awb-margin-bottom-large:0px;--awb-spacing-left-large:0%;--awb-width-medium:25%;--awb-order-medium:0;--awb-spacing-right-medium:0%;--awb-spacing-left-medium:0%;--awb-width-small:100%;--awb-order-small:0;--awb-spacing-right-small:1.92%;--awb-spacing-left-small:1.92%;\"><div class=\"fusion-column-wrapper fusion-column-has-shadow fusion-flex-justify-content-flex-start fusion-content-layout-column\"><div class=\"fusion-image-element\" style=\"--awb-caption-title-font-family:var(--h2_typography-font-family);--awb-caption-title-font-weight:var(--h2_typography-font-weight);--awb-caption-title-font-style:var(--h2_typography-font-style);--awb-caption-title-size:var(--h2_typography-font-size);--awb-caption-title-transform:var(--h2_typography-text-transform);--awb-caption-title-line-height:var(--h2_typography-line-height);--awb-caption-title-letter-spacing:var(--h2_typography-letter-spacing);\"><span class=\"fusion-imageframe imageframe-none imageframe-1 hover-type-none\"><img decoding=\"async\" width=\"300\" height=\"300\" alt=\"Eat with Pride\" title=\"Manger avec fiert\u00e9\" src=\"https:\/\/frederictonpride.com\/wp-content\/uploads\/2021\/05\/SquarePhoto.png\" data-orig-src=\"https:\/\/frederictonpride.com\/wp-content\/uploads\/2021\/05\/SquarePhoto-300x300.png\" class=\"lazyload img-responsive wp-image-3919\" srcset=\"data:image\/svg+xml,%3Csvg%20xmlns%3D%27http%3A%2F%2Fwww.w3.org%2F2000%2Fsvg%27%20width%3D%271000%27%20height%3D%271000%27%20viewBox%3D%270%200%201000%201000%27%3E%3Crect%20width%3D%271000%27%20height%3D%271000%27%20fill-opacity%3D%220%22%2F%3E%3C%2Fsvg%3E\" data-srcset=\"https:\/\/frederictonpride.com\/wp-content\/uploads\/2021\/05\/SquarePhoto-200x200.png 200w, https:\/\/frederictonpride.com\/wp-content\/uploads\/2021\/05\/SquarePhoto-400x400.png 400w, https:\/\/frederictonpride.com\/wp-content\/uploads\/2021\/05\/SquarePhoto-600x600.png 600w, https:\/\/frederictonpride.com\/wp-content\/uploads\/2021\/05\/SquarePhoto-800x800.png 800w, https:\/\/frederictonpride.com\/wp-content\/uploads\/2021\/05\/SquarePhoto.png 1000w\" data-sizes=\"auto\" data-orig-sizes=\"(max-width: 640px) 100vw, 400px\" \/><\/span><\/div><\/div><\/div><div class=\"fusion-layout-column fusion_builder_column fusion-builder-column-3 fusion_builder_column_3_4 3_4 fusion-flex-column\" style=\"--awb-padding-top:20px;--awb-bg-size:cover;--awb-width-large:75%;--awb-margin-top-large:0px;--awb-spacing-right-large:0%;--awb-margin-bottom-large:20px;--awb-spacing-left-large:0%;--awb-width-medium:75%;--awb-order-medium:0;--awb-spacing-right-medium:0%;--awb-spacing-left-medium:0%;--awb-width-small:100%;--awb-order-small:0;--awb-spacing-right-small:1.92%;--awb-spacing-left-small:1.92%;\"><div class=\"fusion-column-wrapper fusion-column-has-shadow fusion-flex-justify-content-flex-start fusion-content-layout-column\"><div class=\"fusion-tabs fusion-tabs-1 classic nav-is-justified horizontal-tabs icon-position-left mobile-mode-accordion\" style=\"--awb-title-border-radius-top-left:0px;--awb-title-border-radius-top-right:0px;--awb-title-border-radius-bottom-right:0px;--awb-title-border-radius-bottom-left:0px;--awb-inactive-color:#e7e4f1;--awb-background-color:#ffffff;--awb-border-color:#e2e2e2;--awb-active-border-color:#ff5e6d;\"><div class=\"nav\"><ul class=\"nav-tabs nav-justified\" role=\"tablist\"><li class=\"active\" role=\"presentation\"><a class=\"tab-link\" data-toggle=\"tab\" role=\"tab\" aria-controls=\"tab-a43d8eea61024228e46\" aria-selected=\"true\" id=\"fusion-tab-whatiseatwithpride?\" href=\"#tab-a43d8eea61024228e46\"><h4 class=\"fusion-tab-heading\">Qu&#039;est-ce que manger avec fiert\u00e9?<\/h4><\/a><\/li><li role=\"presentation\"><a class=\"tab-link\" data-toggle=\"tab\" role=\"tab\" aria-controls=\"tab-fb071955ebd2b82510d\" aria-selected=\"false\" tabindex=\"-1\" id=\"fusion-tab-eatwithpridedates\" href=\"#tab-fb071955ebd2b82510d\"><h4 class=\"fusion-tab-heading\">Mangez avec des dates de fiert\u00e9<\/h4><\/a><\/li><li role=\"presentation\"><a class=\"tab-link\" data-toggle=\"tab\" role=\"tab\" aria-controls=\"tab-c46d784a717a0b475e2\" aria-selected=\"false\" tabindex=\"-1\" id=\"fusion-tab-howtoparticipate\" href=\"#tab-c46d784a717a0b475e2\"><h4 class=\"fusion-tab-heading\">Comment participer<\/h4><\/a><\/li><\/ul><\/div><div class=\"tab-content\"><div class=\"nav fusion-mobile-tab-nav\"><ul class=\"nav-tabs nav-justified\" role=\"tablist\"><li class=\"active\" role=\"presentation\"><a class=\"tab-link\" data-toggle=\"tab\" role=\"tab\" aria-controls=\"tab-a43d8eea61024228e46\" aria-selected=\"true\" id=\"mobile-fusion-tab-whatiseatwithpride?\" href=\"#tab-a43d8eea61024228e46\"><h4 class=\"fusion-tab-heading\">Qu&#039;est-ce que manger avec fiert\u00e9?<\/h4><\/a><\/li><\/ul><\/div><div class=\"tab-pane fade fusion-clearfix in active\" role=\"tabpanel\" tabindex=\"0\" aria-labelledby=\"fusion-tab-whatiseatwithpride?\" id=\"tab-a43d8eea61024228e46\">\n<div class=\"o9v6fnle cxmmr5t8 oygrvhab hcukyx3x c1et5uql\">Eat with Pride est une s\u00e9rie virtuelle de cuisine en accompagnement pour les personnes 2SLGBTQ + de la r\u00e9gion de Fredericton, financ\u00e9e par la Tegan and Sara Foundation. Il vise \u00e0 encourager la cr\u00e9ation d&#039;une communaut\u00e9 virtuelle tout en fournissant des aliments frais et des conseils de pr\u00e9paration!<\/div>\n<div>&nbsp;<\/div>\n<div class=\"o9v6fnle cxmmr5t8 oygrvhab hcukyx3x c1et5uql\">Fiert\u00e9 Fredericton Pride fournira des sacs d&#039;ingr\u00e9dients GRATUITS \u00e0 ramasser \/ livrer avant les \u00e9v\u00e9nements. Une petite s\u00e9lection de mat\u00e9riel de cuisine est \u00e9galement disponible.<\/div>\n<div>&nbsp;<\/div>\n<div class=\"o9v6fnle cxmmr5t8 oygrvhab hcukyx3x c1et5uql\">Nous organiserons des repas virtuels sur Zoom pour ceux qui souhaitent partager cette exp\u00e9rience avec d&#039;autres, suivis d&#039;un brunch virtuel pour encourager la discussion pendant que nous savourons les fruits de notre travail.<\/div>\n<div>&nbsp;<\/div>\n<div>Tous les plats auront des variations pour ceux qui ont des restrictions alimentaires, ou seront v\u00e9g\u00e9taliens \/ sans gluten.<\/div>\n<\/div><div class=\"nav fusion-mobile-tab-nav\"><ul class=\"nav-tabs nav-justified\" role=\"tablist\"><li role=\"presentation\"><a class=\"tab-link\" data-toggle=\"tab\" role=\"tab\" aria-controls=\"tab-fb071955ebd2b82510d\" aria-selected=\"false\" tabindex=\"-1\" id=\"mobile-fusion-tab-eatwithpridedates\" href=\"#tab-fb071955ebd2b82510d\"><h4 class=\"fusion-tab-heading\">Mangez avec des dates de fiert\u00e9<\/h4><\/a><\/li><\/ul><\/div><div class=\"tab-pane fade fusion-clearfix\" role=\"tabpanel\" tabindex=\"0\" aria-labelledby=\"fusion-tab-eatwithpridedates\" id=\"tab-fb071955ebd2b82510d\">\n<p style=\"text-align: center;\">Eat with Pride is currently on hiatus. We are excited to offer more opportunities to cook and bake together in 2023!<\/p>\n<\/div><div class=\"nav fusion-mobile-tab-nav\"><ul class=\"nav-tabs nav-justified\" role=\"tablist\"><li role=\"presentation\"><a class=\"tab-link\" data-toggle=\"tab\" role=\"tab\" aria-controls=\"tab-c46d784a717a0b475e2\" aria-selected=\"false\" tabindex=\"-1\" id=\"mobile-fusion-tab-howtoparticipate\" href=\"#tab-c46d784a717a0b475e2\"><h4 class=\"fusion-tab-heading\">Comment participer<\/h4><\/a><\/li><\/ul><\/div><div class=\"tab-pane fade fusion-clearfix\" role=\"tabpanel\" tabindex=\"0\" aria-labelledby=\"fusion-tab-howtoparticipate\" id=\"tab-c46d784a717a0b475e2\">\n<p style=\"text-align: center;\">Check back soon!<\/p>\n<\/div><\/div><\/div><\/div><\/div><\/div><\/div><\/p>","protected":false},"excerpt":{"rendered":"","protected":false},"author":3,"featured_media":0,"parent":0,"menu_order":0,"comment_status":"closed","ping_status":"closed","template":"100-width.php","meta":{"ngg_post_thumbnail":0,"footnotes":""},"class_list":["post-3909","page","type-page","status-publish","hentry"],"yoast_head":"<!-- This site is optimized with the Yoast SEO plugin v27.3 - https:\/\/yoast.com\/product\/yoast-seo-wordpress\/ -->\n<title>Ongoing Programs - FIERT\u00c9 FREDERICTON PRIDE<\/title>\n<meta name=\"description\" content=\"FIERT\u00c9 FREDERICTON PRIDE\" class=\"yoast-seo-meta-tag\" \/>\n<meta name=\"robots\" content=\"index, follow, max-snippet:-1, max-image-preview:large, max-video-preview:-1\" \/>\n<link rel=\"canonical\" href=\"https:\/\/frederictonpride.com\/fr\/ongoing-programs\/\" class=\"yoast-seo-meta-tag\" \/>\n<meta property=\"og:locale\" content=\"fr_CA\" class=\"yoast-seo-meta-tag\" \/>\n<meta property=\"og:type\" content=\"article\" class=\"yoast-seo-meta-tag\" \/>\n<meta property=\"og:title\" content=\"Ongoing Programs - FIERT\u00c9 FREDERICTON PRIDE\" class=\"yoast-seo-meta-tag\" \/>\n<meta property=\"og:description\" content=\"FIERT\u00c9 FREDERICTON PRIDE\" class=\"yoast-seo-meta-tag\" \/>\n<meta property=\"og:url\" content=\"https:\/\/frederictonpride.com\/fr\/ongoing-programs\/\" class=\"yoast-seo-meta-tag\" \/>\n<meta property=\"og:site_name\" content=\"FIERT\u00c9 FREDERICTON PRIDE\" class=\"yoast-seo-meta-tag\" \/>\n<meta property=\"article:publisher\" content=\"https:\/\/www.facebook.com\/frederictonpride\/\" class=\"yoast-seo-meta-tag\" \/>\n<meta property=\"article:modified_time\" content=\"2024-07-12T18:27:33+00:00\" class=\"yoast-seo-meta-tag\" \/>\n<meta name=\"twitter:card\" content=\"summary_large_image\" class=\"yoast-seo-meta-tag\" \/>\n<meta name=\"twitter:label1\" content=\"Estimation du temps de lecture\" class=\"yoast-seo-meta-tag\" \/>\n\t<meta name=\"twitter:data1\" content=\"8 minutes\" class=\"yoast-seo-meta-tag\" \/>\n<script type=\"application\/ld+json\" class=\"yoast-schema-graph\">{\"@context\":\"https:\\\/\\\/schema.org\",\"@graph\":[{\"@type\":\"WebPage\",\"@id\":\"https:\\\/\\\/frederictonpride.com\\\/ongoing-programs\\\/\",\"url\":\"https:\\\/\\\/frederictonpride.com\\\/ongoing-programs\\\/\",\"name\":\"Ongoing Programs - FIERT\u00c9 FREDERICTON PRIDE\",\"isPartOf\":{\"@id\":\"https:\\\/\\\/frederictonpride.com\\\/#website\"},\"datePublished\":\"2021-05-27T00:24:30+00:00\",\"dateModified\":\"2024-07-12T18:27:33+00:00\",\"description\":\"FIERT\u00c9 FREDERICTON PRIDE\",\"breadcrumb\":{\"@id\":\"https:\\\/\\\/frederictonpride.com\\\/ongoing-programs\\\/#breadcrumb\"},\"inLanguage\":\"fr-CA\",\"potentialAction\":[{\"@type\":\"ReadAction\",\"target\":[\"https:\\\/\\\/frederictonpride.com\\\/ongoing-programs\\\/\"]}]},{\"@type\":\"BreadcrumbList\",\"@id\":\"https:\\\/\\\/frederictonpride.com\\\/ongoing-programs\\\/#breadcrumb\",\"itemListElement\":[{\"@type\":\"ListItem\",\"position\":1,\"name\":\"Home\",\"item\":\"https:\\\/\\\/frederictonpride.com\\\/\"},{\"@type\":\"ListItem\",\"position\":2,\"name\":\"Ongoing Programs\"}]},{\"@type\":\"WebSite\",\"@id\":\"https:\\\/\\\/frederictonpride.com\\\/#website\",\"url\":\"https:\\\/\\\/frederictonpride.com\\\/\",\"name\":\"FIERT\u00c9 FREDERICTON PRIDE\",\"description\":\"\",\"potentialAction\":[{\"@type\":\"SearchAction\",\"target\":{\"@type\":\"EntryPoint\",\"urlTemplate\":\"https:\\\/\\\/frederictonpride.com\\\/?s={search_term_string}\"},\"query-input\":{\"@type\":\"PropertyValueSpecification\",\"valueRequired\":true,\"valueName\":\"search_term_string\"}}],\"inLanguage\":\"fr-CA\"}]}<\/script>\n<!-- \/ Yoast SEO plugin. -->","yoast_head_json":{"title":"Ongoing Programs - FIERT\u00c9 FREDERICTON PRIDE","description":"FIERT\u00c9 FIERT\u00c9 FREDERICTON","robots":{"index":"index","follow":"follow","max-snippet":"max-snippet:-1","max-image-preview":"max-image-preview:large","max-video-preview":"max-video-preview:-1"},"canonical":"https:\/\/frederictonpride.com\/fr\/ongoing-programs\/","og_locale":"fr_CA","og_type":"article","og_title":"Ongoing Programs - FIERT\u00c9 FREDERICTON PRIDE","og_description":"FIERT\u00c9 FREDERICTON PRIDE","og_url":"https:\/\/frederictonpride.com\/fr\/ongoing-programs\/","og_site_name":"FIERT\u00c9 FREDERICTON PRIDE","article_publisher":"https:\/\/www.facebook.com\/frederictonpride\/","article_modified_time":"2024-07-12T18:27:33+00:00","twitter_card":"summary_large_image","twitter_misc":{"Estimation du temps de lecture":"8 minutes"},"schema":{"@context":"https:\/\/schema.org","@graph":[{"@type":"WebPage","@id":"https:\/\/frederictonpride.com\/ongoing-programs\/","url":"https:\/\/frederictonpride.com\/ongoing-programs\/","name":"Ongoing Programs - FIERT\u00c9 FREDERICTON PRIDE","isPartOf":{"@id":"https:\/\/frederictonpride.com\/#website"},"datePublished":"2021-05-27T00:24:30+00:00","dateModified":"2024-07-12T18:27:33+00:00","description":"FIERT\u00c9 FIERT\u00c9 FREDERICTON","breadcrumb":{"@id":"https:\/\/frederictonpride.com\/ongoing-programs\/#breadcrumb"},"inLanguage":"fr-CA","potentialAction":[{"@type":"ReadAction","target":["https:\/\/frederictonpride.com\/ongoing-programs\/"]}]},{"@type":"BreadcrumbList","@id":"https:\/\/frederictonpride.com\/ongoing-programs\/#breadcrumb","itemListElement":[{"@type":"ListItem","position":1,"name":"Home","item":"https:\/\/frederictonpride.com\/"},{"@type":"ListItem","position":2,"name":"Ongoing Programs"}]},{"@type":"WebSite","@id":"https:\/\/frederictonpride.com\/#website","url":"https:\/\/frederictonpride.com\/","name":"FIERT\u00c9 FIERT\u00c9 FREDERICTON","description":"","potentialAction":[{"@type":"SearchAction","target":{"@type":"EntryPoint","urlTemplate":"https:\/\/frederictonpride.com\/?s={search_term_string}"},"query-input":{"@type":"PropertyValueSpecification","valueRequired":true,"valueName":"search_term_string"}}],"inLanguage":"fr-CA"}]}},"_links":{"self":[{"href":"https:\/\/frederictonpride.com\/fr\/wp-json\/wp\/v2\/pages\/3909","targetHints":{"allow":["GET"]}}],"collection":[{"href":"https:\/\/frederictonpride.com\/fr\/wp-json\/wp\/v2\/pages"}],"about":[{"href":"https:\/\/frederictonpride.com\/fr\/wp-json\/wp\/v2\/types\/page"}],"author":[{"embeddable":true,"href":"https:\/\/frederictonpride.com\/fr\/wp-json\/wp\/v2\/users\/3"}],"replies":[{"embeddable":true,"href":"https:\/\/frederictonpride.com\/fr\/wp-json\/wp\/v2\/comments?post=3909"}],"version-history":[{"count":0,"href":"https:\/\/frederictonpride.com\/fr\/wp-json\/wp\/v2\/pages\/3909\/revisions"}],"wp:attachment":[{"href":"https:\/\/frederictonpride.com\/fr\/wp-json\/wp\/v2\/media?parent=3909"}],"curies":[{"name":"wp","href":"https:\/\/api.w.org\/{rel}","templated":true}]}}